{"id":376,"date":"2021-08-20T11:29:39","date_gmt":"2021-08-20T11:29:39","guid":{"rendered":"https:\/\/www.escritorioprisma.com.br\/?page_id=376"},"modified":"2021-08-20T12:19:12","modified_gmt":"2021-08-20T12:19:12","slug":"irpf-2","status":"publish","type":"page","link":"https:\/\/www.escritorioprisma.com.br\/?page_id=376","title":{"rendered":"Imposto de Renda &#8211; IRPF"},"content":{"rendered":"\n<p class=\"has-medium-font-size\"><strong>Tudo sobre prazos, declara\u00e7\u00e3o e documentos<\/strong><\/p>\n\n\n\n<div class=\"wp-block-media-text alignwide is-stacked-on-mobile\"><figure class=\"wp-block-media-text__media\"><img loading=\"lazy\" decoding=\"async\" width=\"842\" height=\"384\" src=\"https:\/\/www.escritorioprisma.com.br\/wp-content\/uploads\/2021\/08\/IR.jpg\" alt=\"\" class=\"wp-image-389 size-full\" srcset=\"https:\/\/www.escritorioprisma.com.br\/wp-content\/uploads\/2021\/08\/IR.jpg 842w, https:\/\/www.escritorioprisma.com.br\/wp-content\/uploads\/2021\/08\/IR-300x137.jpg 300w, https:\/\/www.escritorioprisma.com.br\/wp-content\/uploads\/2021\/08\/IR-768x350.jpg 768w\" sizes=\"(max-width: 842px) 100vw, 842px\" \/><\/figure><div class=\"wp-block-media-text__content\">\n<p>Voc\u00ea contribuinte que todo ano aguarda ansioso a Receita Federal anunciar as regras e o calend\u00e1rio do Imposto de Renda da pessoa f\u00edsica, v\u00e1lidos para 2021 com ano base 2020.<\/p>\n\n\n\n<p>Permanece obrigado a declarar neste ano, entre outras situa\u00e7\u00f5es, quem ganhou acima de R$ 28.559,70 em 2020. No ano de 2021 havia uma grande expectativa de atualiza\u00e7\u00e3o da tabela do IR \u2013 o que n\u00e3o aconteceu \u2013 permanecendo, as mesmas faixas dos anos anteriores.<\/p>\n<\/div><\/div>\n\n\n\n<p><\/p>\n\n\n\n<p><\/p>\n\n\n\n<p><strong>O Escrit\u00f3rio Prisma destaca como a principal mudan\u00e7a que impacta um n\u00famero grande de pessoas neste ano \u00e9 a exig\u00eancia de declara\u00e7\u00e3o daqueles que receberam o aux\u00edlio emergencial para enfrentar a pandemia de Covid-19 durante o ano de 2020.<\/strong>\u00a0Mas nem todos precisam declarar o aux\u00edlio. <\/p>\n\n\n\n<p><\/p>\n\n\n\n<p style=\"font-size:22px\"><strong>Contribuinte, n\u00e3o fique com d\u00favidas como: <\/strong><\/p>\n\n\n\n<p><\/p>\n\n\n\n<p><strong>O programa de declara\u00e7\u00e3o do imposto de renda j\u00e1 est\u00e1 dispon\u00edvel?<\/strong><\/p>\n\n\n\n<p><strong>Qual o prazo para entrega do IRPF em 2021?<\/strong><\/p>\n\n\n\n<p><strong>Quem precisa declarar o imposto de renda?<\/strong><\/p>\n\n\n\n<p><strong>Vale a pena declarar mesmo n\u00e3o estando entre os casos obrigat\u00f3rios?<\/strong><\/p>\n\n\n\n<p><strong>O que \u00e9 preciso informar na declara\u00e7\u00e3o do IRPF anual?<\/strong><\/p>\n\n\n\n<p><strong>O que eu posso deduzir do imposto devido na declara\u00e7\u00e3o?<\/strong><\/p>\n\n\n\n<p><strong>Qual a documenta\u00e7\u00e3o necess\u00e1ria para fazer a declara\u00e7\u00e3o?\u00a0<\/strong><\/p>\n\n\n\n<p><strong>Declara\u00e7\u00e3o Completa ou Simplificada, qual a melhor?<\/strong><\/p>\n\n\n\n<p><strong>Como declarar im\u00f3veis no Imposto de Renda?\u00a0<\/strong><\/p>\n\n\n\n<p><\/p>\n\n\n\n<p><em>Fique tranquilo, venha at\u00e9 o <strong>Escrit\u00f3rio Prisma<\/strong> e um de nossos t\u00e9cnicos realizar\u00e3o uma an\u00e1lise criteriosa para melhor auxiliar na entrega de seu Imposto de Renda.\u00a0<\/em><\/p>\n\n\n\n<p>A entrega que come\u00e7ou no dia 1\u00ba de mar\u00e7o e vai at\u00e9 as 23h59 do dia 31 de maio. Quem atrasar e n\u00e3o conseguir cumprir o prazo, ter\u00e1 que pagar uma multa de 1% sobre o imposto devido, com valor m\u00ednimo de R$ 165,74 e m\u00e1ximo de 20% do imposto devido.\u00a0<\/p>\n","protected":false},"excerpt":{"rendered":"<p class=\"qua-blog-post-description\">Tudo sobre prazos, declara\u00e7\u00e3o e documentos Voc\u00ea contribuinte que todo ano aguarda ansioso a Receita Federal anunciar as regras e o calend\u00e1rio do Imposto de Renda da pessoa f\u00edsica, v\u00e1lidos para 2021 com ano base 2020. Permanece obrigado a declarar neste ano, entre outras situa\u00e7\u00f5es, quem ganhou acima de R$ 28.559,70 em 2020. No ano [&hellip;]<\/p>\n","protected":false},"author":1,"featured_media":0,"parent":0,"menu_order":0,"comment_status":"closed","ping_status":"closed","template":"","meta":{"footnotes":""},"_links":{"self":[{"href":"https:\/\/www.escritorioprisma.com.br\/index.php?rest_route=\/wp\/v2\/pages\/376"}],"collection":[{"href":"https:\/\/www.escritorioprisma.com.br\/index.php?rest_route=\/wp\/v2\/pages"}],"about":[{"href":"https:\/\/www.escritorioprisma.com.br\/index.php?rest_route=\/wp\/v2\/types\/page"}],"author":[{"embeddable":true,"href":"https:\/\/www.escritorioprisma.com.br\/index.php?rest_route=\/wp\/v2\/users\/1"}],"replies":[{"embeddable":true,"href":"https:\/\/www.escritorioprisma.com.br\/index.php?rest_route=%2Fwp%2Fv2%2Fcomments&post=376"}],"version-history":[{"count":13,"href":"https:\/\/www.escritorioprisma.com.br\/index.php?rest_route=\/wp\/v2\/pages\/376\/revisions"}],"predecessor-version":[{"id":397,"href":"https:\/\/www.escritorioprisma.com.br\/index.php?rest_route=\/wp\/v2\/pages\/376\/revisions\/397"}],"wp:attachment":[{"href":"https:\/\/www.escritorioprisma.com.br\/index.php?rest_route=%2Fwp%2Fv2%2Fmedia&parent=376"}],"curies":[{"name":"wp","href":"https:\/\/api.w.org\/{rel}","templated":true}]}}