{"id":357,"date":"2021-08-19T13:38:12","date_gmt":"2021-08-19T13:38:12","guid":{"rendered":"https:\/\/www.escritorioprisma.com.br\/?page_id=357"},"modified":"2021-08-19T14:51:32","modified_gmt":"2021-08-19T14:51:32","slug":"itr","status":"publish","type":"page","link":"https:\/\/www.escritorioprisma.com.br\/?page_id=357","title":{"rendered":"ITR &#8211; Imposto Territorial Rural"},"content":{"rendered":"\n<h2 class=\"wp-block-heading\">FIQUE LIGADO<\/h2>\n\n\n\n<h1 class=\"wp-block-heading\">Prazo para entrega da declara\u00e7\u00e3o do ITR come\u00e7a nesta segunda, 16\/8<\/h1>\n\n\n\n<p>Os propriet\u00e1rios ou possuidores rurais, devem fazer a Declara\u00e7\u00e3o do\u00a0<strong>Imposto sobre a propriedade Territorial Rural \u2013 ITR<\/strong>\u00a0de suas propriedades ou posses.<\/p>\n\n\n\n<p>O <strong>Escrit\u00f3rio Prisma<\/strong> coloca a disposi\u00e7\u00e3o dos propriet\u00e1rios rurais mais de 20 anos de experi\u00eancia na \u00e1rea cont\u00e1bil com o objetivo de auxiliar nossos clientes na regulariza\u00e7\u00e3o e manuten\u00e7\u00e3o de suas propriedades, sob o aspecto tribut\u00e1rio.<\/p>\n\n\n\n<h3 class=\"wp-block-heading\">Quem precisa declarar?<\/h3>\n\n\n\n<ul><li>Pessoa f\u00edsica ou jur\u00eddica propriet\u00e1ria, titular do dom\u00ednio \u00fatil ou possuidora a qualquer t\u00edtulo da terra;<\/li><li>Ocupantes de condom\u00ednios rurais, quando o im\u00f3vel pertence a mais de contribuinte seja por contrato, decis\u00e3o judicial ou doa\u00e7\u00e3o recebida em comum;<\/li><li>Um dos donos da terra, quando mais de uma pessoa for possuidora do im\u00f3vel;<\/li><li>Pessoa f\u00edsica ou jur\u00eddica que, tenha perdido a posse do im\u00f3vel rural ou o direito de propriedade;<\/li><li>Pessoa jur\u00eddica que tenha recebido um im\u00f3vel rural fruto de desapropria\u00e7\u00e3o, transfer\u00eancia ou incorpora\u00e7\u00e3o no per\u00edodo de apura\u00e7\u00e3o do <strong>ITR<\/strong>;<\/li><li>O inventariante de im\u00f3vel pertencente a esp\u00f3lio, enquanto n\u00e3o ultimada a partilha; ou, se este n\u00e3o tiver sido nomeado, o c\u00f4njuge meeiro, o companheiro ou o sucessor a qualquer t\u00edtulo.<\/li><\/ul>\n\n\n\n<h3 class=\"wp-block-heading\">Quais s\u00e3o os documentos a serem apresentados?<\/h3>\n\n\n\n<ul><li>Documento de Informa\u00e7\u00e3o e Atualiza\u00e7\u00e3o Cadastral do Imposto sobre a Propriedade Territorial Rural, que cont\u00e9m as informa\u00e7\u00f5es cadastrais correspondentes a cada im\u00f3vel rural e a seu titular;<\/li><li>Documento de Informa\u00e7\u00e3o e Apura\u00e7\u00e3o do Imposto sobre a Propriedade Territorial Rural, que cont\u00e9m as demais informa\u00e7\u00f5es necess\u00e1rias \u00e0 apura\u00e7\u00e3o do valor do imposto correspondente a cada im\u00f3vel rural;<\/li><li>Ato Declarat\u00f3rio Ambiental (ADA), que deve ser apresentado ao Instituto Brasileiro do Meio Ambiente e dos Recursos Naturais Renov\u00e1veis (Ibama) a fim de se excluir da apura\u00e7\u00e3o as \u00e1reas n\u00e3o-tribut\u00e1veis da \u00e1rea total do im\u00f3vel rural;<\/li><li>Caso o contribuinte j\u00e1 possua n\u00famero de inscri\u00e7\u00e3o do Cadastro Ambiental Rural (CAR), esse n\u00famero deve ser informado na declara\u00e7\u00e3o do ITR.<\/li><\/ul>\n\n\n\n<h3 class=\"wp-block-heading\">Qual \u00e9 o prazo de entrega?<\/h3>\n\n\n\n<ul><li>Para entregas eletr\u00f4nicas, o contribuinte ter\u00e1 at\u00e9 as 23h59min do dia 30 de setembro de 2021;<\/li><li>Para entregas presenciais \u00e9 preciso estar atento ao final do expediente de trabalho das unidades da Receita Federal no dia 30 de setembro de 2021.<\/li><\/ul>\n\n\n\n<h3 class=\"wp-block-heading\">Detectei um erro na declara\u00e7\u00e3o. \u00c9 poss\u00edvel retificar?<\/h3>\n\n\n\n<p>Sim. A retifica\u00e7\u00e3o pode ser entregue pelo Programa ITR 2021. Traga sua declara\u00e7\u00e3o que nossa equipe t\u00e9cnica far\u00e1 um diagn\u00f3stico detalhado e ajudar\u00e1 voc\u00ea propriet\u00e1rio a regularizar-se perante o fisco. Por\u00e9m, o contribuinte n\u00e3o deve interromper os pagamentos do imposto original por conta da apresenta\u00e7\u00e3o da retifica\u00e7\u00e3o.<\/p>\n\n\n\n<h3 class=\"wp-block-heading\">Como posso pagar o ITR?<\/h3>\n\n\n\n<ul><li>Em cota \u00fanica at\u00e9 dia 30 de setembro de 2021;<\/li><li>Em quatro parcelas iguais, cujo primeiro vencimento ser\u00e1 em 30 de setembro de 2021 e os seguintes no \u00faltimo dia \u00fatil de cada m\u00eas, acrescidas de juros equivalentes \u00e0 taxa referencial Selic.<\/li><\/ul>\n\n\n\n<p>Em caso de perda do prazo estipulado para entrega da declara\u00e7\u00e3o do ITR, o contribuinte pode apresentar o documento pelos mesmos meios de entrega, sejam eles eletr\u00f4nicos ou presenciais. Por\u00e9m, \u00e9 importante lembrar que a multa por atraso come\u00e7a a ser calculada a partir do dia 1\u00ba de outubro. A multa equivale a 1% do valor total do imposto devido por m\u00eas-calend\u00e1rio de atraso.<\/p>\n","protected":false},"excerpt":{"rendered":"<p class=\"qua-blog-post-description\">FIQUE LIGADO Prazo para entrega da declara\u00e7\u00e3o do ITR come\u00e7a nesta segunda, 16\/8 Os propriet\u00e1rios ou possuidores rurais, devem fazer a Declara\u00e7\u00e3o do\u00a0Imposto sobre a propriedade Territorial Rural \u2013 ITR\u00a0de suas propriedades ou posses. O Escrit\u00f3rio Prisma coloca a disposi\u00e7\u00e3o dos propriet\u00e1rios rurais mais de 20 anos de experi\u00eancia na \u00e1rea cont\u00e1bil com o objetivo [&hellip;]<\/p>\n","protected":false},"author":1,"featured_media":370,"parent":0,"menu_order":0,"comment_status":"closed","ping_status":"closed","template":"","meta":{"footnotes":""},"_links":{"self":[{"href":"https:\/\/www.escritorioprisma.com.br\/index.php?rest_route=\/wp\/v2\/pages\/357"}],"collection":[{"href":"https:\/\/www.escritorioprisma.com.br\/index.php?rest_route=\/wp\/v2\/pages"}],"about":[{"href":"https:\/\/www.escritorioprisma.com.br\/index.php?rest_route=\/wp\/v2\/types\/page"}],"author":[{"embeddable":true,"href":"https:\/\/www.escritorioprisma.com.br\/index.php?rest_route=\/wp\/v2\/users\/1"}],"replies":[{"embeddable":true,"href":"https:\/\/www.escritorioprisma.com.br\/index.php?rest_route=%2Fwp%2Fv2%2Fcomments&post=357"}],"version-history":[{"count":7,"href":"https:\/\/www.escritorioprisma.com.br\/index.php?rest_route=\/wp\/v2\/pages\/357\/revisions"}],"predecessor-version":[{"id":373,"href":"https:\/\/www.escritorioprisma.com.br\/index.php?rest_route=\/wp\/v2\/pages\/357\/revisions\/373"}],"wp:featuredmedia":[{"embeddable":true,"href":"https:\/\/www.escritorioprisma.com.br\/index.php?rest_route=\/wp\/v2\/media\/370"}],"wp:attachment":[{"href":"https:\/\/www.escritorioprisma.com.br\/index.php?rest_route=%2Fwp%2Fv2%2Fmedia&parent=357"}],"curies":[{"name":"wp","href":"https:\/\/api.w.org\/{rel}","templated":true}]}}