{"id":254,"date":"2021-08-17T14:54:36","date_gmt":"2021-08-17T14:54:36","guid":{"rendered":"https:\/\/www.escritorioprisma.com.br\/?page_id=254"},"modified":"2021-08-19T12:50:43","modified_gmt":"2021-08-19T12:50:43","slug":"contabilidade-rural-2","status":"publish","type":"page","link":"https:\/\/www.escritorioprisma.com.br\/?page_id=254","title":{"rendered":"Contabilidade Rural"},"content":{"rendered":"\n<h3 class=\"wp-block-heading\"><strong>O que \u00e9 contabilidade rural?<\/strong><\/h3>\n\n\n\n<p>Est\u00e1 voltada para empres\u00e1rios de setores agr\u00edcolas, agropecu\u00e1rios, agroindustriais e zoot\u00e9cnicos.<\/p>\n\n\n\n<p>O mercado dessa \u00e1rea possui caracter\u00edsticas pr\u00f3prias, distinguindo-se significativamente&nbsp;de&nbsp;outros ramos empresariais. E, em raz\u00e3o&nbsp;de tal singularidade, tornou-se necess\u00e1rio desenvolver um&nbsp;<strong>atendimento cont\u00e1bil<\/strong>&nbsp;personalizado, que atendesse \u00e0s necessidades do segmento.<\/p>\n\n\n\n<p>Nesse cen\u00e1rio, o&nbsp;<a rel=\"noreferrer noopener\" href=\"https:\/\/escritorioprisma.com.br\" target=\"_blank\">Escrit\u00f3rio Prisma<\/a>&nbsp;surge como uma aliado essencial para ampliar a vis\u00e3o sobre o neg\u00f3cio, regularizar as atividades e fornecer informa\u00e7\u00f5es valiosas para o sucesso do seu empreendimento rural.<\/p>\n\n\n\n<p>Por isso, reunimos o b\u00e1sico dos in\u00fameros servi\u00e7os ofertados para voc\u00ea atuar com tranquilidade na sua atividade e aproveitar a&nbsp;<strong>oportunidade<\/strong>&nbsp;de alavancar os seus neg\u00f3cios agropecu\u00e1rios.<\/p>\n\n\n\n<p><\/p>\n\n\n\n<p><strong>Confira os seguintes t\u00f3picos:<\/strong><\/p>\n\n\n\n<div class=\"wp-block-media-text alignwide is-stacked-on-mobile\">\n<figure class=\"wp-block-media-text__media\"><img loading=\"lazy\" decoding=\"async\" class=\"alignnone wp-image-266 size-full\" src=\"https:\/\/www.escritorioprisma.com.br\/wp-content\/uploads\/2021\/08\/arrendamento.jpg\" alt=\"\" width=\"842\" height=\"384\" srcset=\"https:\/\/www.escritorioprisma.com.br\/wp-content\/uploads\/2021\/08\/arrendamento.jpg 842w, https:\/\/www.escritorioprisma.com.br\/wp-content\/uploads\/2021\/08\/arrendamento-300x137.jpg 300w, https:\/\/www.escritorioprisma.com.br\/wp-content\/uploads\/2021\/08\/arrendamento-768x350.jpg 768w\" sizes=\"(max-width: 842px) 100vw, 842px\" \/><\/figure>\n<div class=\"wp-block-media-text__content\">O contrato de arrendamento rural se encontra tipificado no art. 3\u00ba do Decreto n\u00ba 59.566\/66, que o conceitua como sendo \u201co contrato agr\u00e1rio pelo qual uma pessoa se obriga a ceder \u00e0 outra, por tempo determinado ou n\u00e3o, o uso e gozo de im\u00f3vel rural, parte ou partes do mesmo, incluindo, ou n\u00e3o, outros bens, benfeitorias e ou facilidades, com o objetivo de nele ser exercida atividade de explora\u00e7\u00e3o agr\u00edcola, pecu\u00e1ria, agroindustrial, extrativa ou mista, mediante, certa retribui\u00e7\u00e3o ou aluguel , observados os limites percentuais da Lei\u201d. O objeto do referido contrato s\u00e3o im\u00f3veis rurais e sua finalidade \u00e9 a utiliza\u00e7\u00e3o tempor\u00e1ria da terra para<\/div>\n<\/div>\n\n\n\n<p><br>implementa\u00e7\u00e3o de atividade agr\u00edcola ou pecu\u00e1ria, em conformidade com os artigos 92 a 94 do Estatuto da Terra (Lei n\u00ba 4.504\/64).<\/p>\n\n\n\n<p>O contrato de arrendamento \u00e9 um ato jur\u00eddico bilateral e consensual, composto por duas partes, chamados de arrendador e arrendat\u00e1rio. Chama-se Arrendador o que cede o im\u00f3vel rural ou o aluga; e Arrendat\u00e1rio a pessoa ou conjunto familiar, representado pelo seu chefe que o recebe ou toma por aluguel.<\/p>\n\n\n\n<p><\/p>\n\n\n\n<p><\/p>\n\n\n\n<p class=\"has-text-align-center has-medium-font-size\"><strong>Seja um produtor rural legalizado<\/strong><\/p>\n\n\n\n<div class=\"wp-block-media-text alignwide has-media-on-the-right is-stacked-on-mobile\" style=\"grid-template-columns:auto 44%\"><figure class=\"wp-block-media-text__media\"><img loading=\"lazy\" decoding=\"async\" width=\"300\" height=\"192\" src=\"https:\/\/www.escritorioprisma.com.br\/wp-content\/uploads\/2021\/08\/pecuaria-300x192.png\" alt=\"\" class=\"wp-image-311 size-medium\" srcset=\"https:\/\/www.escritorioprisma.com.br\/wp-content\/uploads\/2021\/08\/pecuaria-300x192.png 300w, https:\/\/www.escritorioprisma.com.br\/wp-content\/uploads\/2021\/08\/pecuaria.png 400w\" sizes=\"(max-width: 300px) 100vw, 300px\" \/><\/figure><div class=\"wp-block-media-text__content\">\n<p>No Escrit\u00f3rio Prisma, voc\u00ea produtor rural encontra a assessoria ideal para a obten\u00e7\u00e3o dos documentos necess\u00e1rios e ajuda para regularizar um neg\u00f3cio rural.<\/p>\n<\/div><\/div>\n\n\n\n<p class=\"has-medium-font-size\"><strong>Documentos necess\u00e1rios<\/strong><\/p>\n\n\n\n<p><br>Documentos do im\u00f3vel necess\u00e1rios para tirar o CNPJ ou Tal\u00e3o de Produtor Rural.<\/p>\n\n\n\n<p><strong>CCIR<\/strong>: Certificado de Cadastro de Im\u00f3vel Rural;<\/p>\n\n\n\n<p>Im\u00f3veis rurais federais \u2013 <strong>INCRA<\/strong>;<\/p>\n\n\n\n<p>Inscri\u00e7\u00e3o Estadual \u2013 Sefaz &#8211; RS<\/p>\n\n\n\n<p>Im\u00f3veis rurais municipais &#8211; PREFEITURAS<\/p>\n\n\n\n<p><strong>ITR<\/strong>: Imposto Territorial Rural \u2013 RECEITA FEDERAL.<br><br><\/p>\n\n\n\n<div class=\"wp-block-media-text alignwide is-stacked-on-mobile\"><figure class=\"wp-block-media-text__media\"><img loading=\"lazy\" decoding=\"async\" width=\"842\" height=\"384\" src=\"https:\/\/www.escritorioprisma.com.br\/wp-content\/uploads\/2021\/08\/CCIR-INCRA.jpg\" alt=\"\" class=\"wp-image-324 size-full\" srcset=\"https:\/\/www.escritorioprisma.com.br\/wp-content\/uploads\/2021\/08\/CCIR-INCRA.jpg 842w, https:\/\/www.escritorioprisma.com.br\/wp-content\/uploads\/2021\/08\/CCIR-INCRA-300x137.jpg 300w, https:\/\/www.escritorioprisma.com.br\/wp-content\/uploads\/2021\/08\/CCIR-INCRA-768x350.jpg 768w\" sizes=\"(max-width: 842px) 100vw, 842px\" \/><\/figure><div class=\"wp-block-media-text__content\">\n<p>O CCIR &#8211; Certificado de Cadastro de Im\u00f3vel Rural, \u00e9 o documento emitido pelo Incra que comprova o cadastramento do im\u00f3vel rural junto \u00e0 autarquia e que \u00e9 indispens\u00e1vel para transferir, arrendar, hipotecar, desmembrar, partilhar (div\u00f3rcio ou heran\u00e7a) e obter financiamento banc\u00e1rio. Os dados constantes do CCIR s\u00e3o exclusivamente cadastrais, n\u00e3o legitimando direito de dom\u00ednio ou posse.<\/p>\n<\/div><\/div>\n\n\n\n<p><\/p>\n\n\n\n<p class=\"has-drop-cap\"><span style=\"color:#cc9933\" class=\"tadv-color\">N<\/span>ossa equipe realizar\u00e1 o cadastramento CCIR, junto ao INCRA (Instituto Nacional de Coloniza\u00e7\u00e3o de Reforma Agr\u00e1ria; Im\u00f3veis rurais federais \u2013 INCRA; Inscri\u00e7\u00e3o Estadual; Im\u00f3veis rurais municipais &#8211; Prefeituras) para requerer os cadastros federais, estaduais e municipais, conforme o caso.<\/p>\n\n\n\n<p>Por fim, de posse dos documentos recomendados, realizaremos o pedido dos tal\u00f5es de Notas Fiscais, No Posto Fiscal (Secretaria da Fazenda).<br><br><\/p>\n\n\n\n<p><\/p>\n\n\n\n<div class=\"wp-block-media-text alignwide has-media-on-the-right is-stacked-on-mobile\"><figure class=\"wp-block-media-text__media\"><img loading=\"lazy\" decoding=\"async\" width=\"842\" height=\"384\" src=\"https:\/\/www.escritorioprisma.com.br\/wp-content\/uploads\/2021\/08\/ITR.jpg\" alt=\"\" class=\"wp-image-352 size-full\" srcset=\"https:\/\/www.escritorioprisma.com.br\/wp-content\/uploads\/2021\/08\/ITR.jpg 842w, https:\/\/www.escritorioprisma.com.br\/wp-content\/uploads\/2021\/08\/ITR-300x137.jpg 300w, https:\/\/www.escritorioprisma.com.br\/wp-content\/uploads\/2021\/08\/ITR-768x350.jpg 768w\" sizes=\"(max-width: 842px) 100vw, 842px\" \/><\/figure><div class=\"wp-block-media-text__content\">\n<p>O <strong>ITR<\/strong> &#8211; Imposto sobre a Propriedade Territorial Rural \u00e9 um tributo federal que se cobra anualmente das propriedades rurais. Precisa ser pago pelo propriet\u00e1rio da terra, pelo titular do dom\u00ednio \u00fatil ou pelo possuidor a qualquer t\u00edtulo.<\/p>\n\n\n\n<p>O Munic\u00edpio de localiza\u00e7\u00e3o do im\u00f3vel, \u00e9 o domic\u00edlio tribut\u00e1rio do contribuinte.<\/p>\n\n\n\n<p>A apura\u00e7\u00e3o do ITR, \u00e9 com base no tamanho da propriedade e a utiliza\u00e7\u00e3o desta, as informa\u00e7\u00f5es sobre a propriedade s\u00e3o fornecidas, pelo pr\u00f3prio contribuinte.<\/p>\n<\/div><\/div>\n","protected":false},"excerpt":{"rendered":"<p class=\"qua-blog-post-description\">O que \u00e9 contabilidade rural? Est\u00e1 voltada para empres\u00e1rios de setores agr\u00edcolas, agropecu\u00e1rios, agroindustriais e zoot\u00e9cnicos. O mercado dessa \u00e1rea possui caracter\u00edsticas pr\u00f3prias, distinguindo-se significativamente&nbsp;de&nbsp;outros ramos empresariais. E, em raz\u00e3o&nbsp;de tal singularidade, tornou-se necess\u00e1rio desenvolver um&nbsp;atendimento cont\u00e1bil&nbsp;personalizado, que atendesse \u00e0s necessidades do segmento. Nesse cen\u00e1rio, o&nbsp;Escrit\u00f3rio Prisma&nbsp;surge como uma aliado essencial para ampliar a vis\u00e3o [&hellip;]<\/p>\n","protected":false},"author":1,"featured_media":0,"parent":0,"menu_order":0,"comment_status":"closed","ping_status":"closed","template":"","meta":{"footnotes":""},"_links":{"self":[{"href":"https:\/\/www.escritorioprisma.com.br\/index.php?rest_route=\/wp\/v2\/pages\/254"}],"collection":[{"href":"https:\/\/www.escritorioprisma.com.br\/index.php?rest_route=\/wp\/v2\/pages"}],"about":[{"href":"https:\/\/www.escritorioprisma.com.br\/index.php?rest_route=\/wp\/v2\/types\/page"}],"author":[{"embeddable":true,"href":"https:\/\/www.escritorioprisma.com.br\/index.php?rest_route=\/wp\/v2\/users\/1"}],"replies":[{"embeddable":true,"href":"https:\/\/www.escritorioprisma.com.br\/index.php?rest_route=%2Fwp%2Fv2%2Fcomments&post=254"}],"version-history":[{"count":66,"href":"https:\/\/www.escritorioprisma.com.br\/index.php?rest_route=\/wp\/v2\/pages\/254\/revisions"}],"predecessor-version":[{"id":353,"href":"https:\/\/www.escritorioprisma.com.br\/index.php?rest_route=\/wp\/v2\/pages\/254\/revisions\/353"}],"wp:attachment":[{"href":"https:\/\/www.escritorioprisma.com.br\/index.php?rest_route=%2Fwp%2Fv2%2Fmedia&parent=254"}],"curies":[{"name":"wp","href":"https:\/\/api.w.org\/{rel}","templated":true}]}}