{"id":21,"date":"2021-07-19T14:45:30","date_gmt":"2021-07-19T14:45:30","guid":{"rendered":"http:\/\/www.escritorioprisma.com.br\/?page_id=21"},"modified":"2021-08-12T13:24:35","modified_gmt":"2021-08-12T13:24:35","slug":"sobre-nos","status":"publish","type":"page","link":"https:\/\/www.escritorioprisma.com.br\/?page_id=21","title":{"rendered":"Sobre n\u00f3s"},"content":{"rendered":"\n<p>Fundada pelo contador Gerson Bretos Dorneles, n\u00f3s do Escrit\u00f3rio Prisma prestamos assessoria atrav\u00e9s de uma equipe treinada e qualificada nas \u00e1reas cont\u00e1bil, fiscal, tribut\u00e1ria, pessoal, imposto de renda e societ\u00e1ria onde nos consolidamos entre as melhores empresas de Contabilidade.<\/p>\n\n\n\n<p>Na d\u00e9cada de 2000 a empresa incorporou o trabalho de novos profissionais.<\/p>\n\n\n\n<p>Configurada como uma empresa familiar, o Escrit\u00f3rio Prisma se destaca por uma lideran\u00e7a estrat\u00e9gica e sintonizada com os processos de transforma\u00e7\u00e3o e adequa\u00e7\u00e3o \u00e0s novas exig\u00eancias da sociedade, do mercado de trabalho e das novas tecnologias.<\/p>\n\n\n\n<p>Temos uma filosofia de trabalho voltada para a\u00a0qualidade, com\u00a0cumprimento de prazos,\u00a0sigilo,\u00a0efic\u00e1cia\u00a0e\u00a0profissionalismo\u00a0na realiza\u00e7\u00e3o dos servi\u00e7os oferecidos\u00a0<strong>aos nossos clientes<\/strong>.<br>Buscamos a excel\u00eancia de nossos servi\u00e7os, estamos permanentemente inovando nossos processos atrav\u00e9s de programas de especializa\u00e7\u00e3o e de educa\u00e7\u00e3o continua, mantendo uma equipe qualificada e motivada no atendimento de nossos clientes. <\/p>\n\n\n\n<p>Al\u00e9m de nosso comprometimento na presta\u00e7\u00e3o de servi\u00e7os com qualidade, proporcionamos um diferencial nos pre\u00e7os praticados, gerando uma boa rela\u00e7\u00e3o custo\/benef\u00edcio. <\/p>\n\n\n\n<p>Desta forma o Escrit\u00f3rio Prisma est\u00e1 em constante evolu\u00e7\u00e3o e sempre atentos \u00e0s novidades do mercado no intuito de oferecer sempre o melhor.<\/p>\n\n\n\n<p><\/p>\n\n\n\n<ul><li><strong>Miss\u00e3o:<\/strong>\u00a0\u00a0Ser uma empresa que proporciona aos nossos colaboradores um ambiente de trabalho estimulante e atrav\u00e9s da nossa presta\u00e7\u00e3o de servi\u00e7o participar do sucesso de nossos clientes.<\/li><li><strong>Vis\u00e3o:<\/strong>\u00a0Ser uma organiza\u00e7\u00e3o cont\u00e1bil de refer\u00eancia na cidade de Itaqui\u00a0e regi\u00e3o, reconhecida pelo profissionalismo da equipe e qualidade na presta\u00e7\u00e3o de servi\u00e7os aos nossos clientes.<\/li><li><strong>Valores:<\/strong>\u00a0Seriedade, Responsabilidade, Comprometimento, \u00c9tica, Seguran\u00e7a, Transpar\u00eancia, Inova\u00e7\u00e3o, Qualidade nos Servi\u00e7os e Respeito ao Pr\u00f3ximo.<\/li><\/ul>\n\n\n\n<p><\/p>\n","protected":false},"excerpt":{"rendered":"<p class=\"qua-blog-post-description\">Fundada pelo contador Gerson Bretos Dorneles, n\u00f3s do Escrit\u00f3rio Prisma prestamos assessoria atrav\u00e9s de uma equipe treinada e qualificada nas \u00e1reas cont\u00e1bil, fiscal, tribut\u00e1ria, pessoal, imposto de renda e societ\u00e1ria onde nos consolidamos entre as melhores empresas de Contabilidade. Na d\u00e9cada de 2000 a empresa incorporou o trabalho de novos profissionais. Configurada como uma empresa [&hellip;]<\/p>\n","protected":false},"author":1,"featured_media":52,"parent":0,"menu_order":0,"comment_status":"closed","ping_status":"closed","template":"quality-page-builder-default.php","meta":{"footnotes":""},"_links":{"self":[{"href":"https:\/\/www.escritorioprisma.com.br\/index.php?rest_route=\/wp\/v2\/pages\/21"}],"collection":[{"href":"https:\/\/www.escritorioprisma.com.br\/index.php?rest_route=\/wp\/v2\/pages"}],"about":[{"href":"https:\/\/www.escritorioprisma.com.br\/index.php?rest_route=\/wp\/v2\/types\/page"}],"author":[{"embeddable":true,"href":"https:\/\/www.escritorioprisma.com.br\/index.php?rest_route=\/wp\/v2\/users\/1"}],"replies":[{"embeddable":true,"href":"https:\/\/www.escritorioprisma.com.br\/index.php?rest_route=%2Fwp%2Fv2%2Fcomments&post=21"}],"version-history":[{"count":17,"href":"https:\/\/www.escritorioprisma.com.br\/index.php?rest_route=\/wp\/v2\/pages\/21\/revisions"}],"predecessor-version":[{"id":213,"href":"https:\/\/www.escritorioprisma.com.br\/index.php?rest_route=\/wp\/v2\/pages\/21\/revisions\/213"}],"wp:featuredmedia":[{"embeddable":true,"href":"https:\/\/www.escritorioprisma.com.br\/index.php?rest_route=\/wp\/v2\/media\/52"}],"wp:attachment":[{"href":"https:\/\/www.escritorioprisma.com.br\/index.php?rest_route=%2Fwp%2Fv2%2Fmedia&parent=21"}],"curies":[{"name":"wp","href":"https:\/\/api.w.org\/{rel}","templated":true}]}}