{"id":180,"date":"2021-08-04T13:06:47","date_gmt":"2021-08-04T13:06:47","guid":{"rendered":"https:\/\/www.escritorioprisma.com.br\/?page_id=180"},"modified":"2021-08-05T15:06:25","modified_gmt":"2021-08-05T15:06:25","slug":"abertura-de-empresas","status":"publish","type":"page","link":"https:\/\/www.escritorioprisma.com.br\/?page_id=180","title":{"rendered":"Abertura de Empresas"},"content":{"rendered":"\n<p>Muitas vezes, o empreendedor j\u00e1 est\u00e1 convicto em sua decis\u00e3o de montar seu pr\u00f3prio neg\u00f3cio, mas n\u00e3o sabe como dar o primeiro passo. N\u00e3o tem ideia de que etapas deve&nbsp;cumprir at\u00e9 que sua empresa esteja formalizada e ele possa ter seu CNPJ. \u00c9 a\u00ed que surge a necessidade de saber um&nbsp;passo a passo de como abrir uma empresa.<\/p>\n\n\n\n<p>As quest\u00f5es burocr\u00e1ticas envolvidas podem acabar desanimando e tornando-se um empecilho para que essa ideia seja levada \u00e0 frente. Surgem d\u00favidas, principalmente com rela\u00e7\u00e3o \u00e0 documenta\u00e7\u00e3o necess\u00e1ria, nome da empresa, registros, inscri\u00e7\u00e3o municipal, entre outros fatores.<\/p>\n\n\n\n<p class=\"has-black-color has-text-color\" style=\"font-size:30px\">Como abrir uma empresa?<\/p>\n\n\n\n<p>O processo de abertura de empresa n\u00e3o \u00e9 nenhum dif\u00edcil para quem possui uma boa assessoria. Mas \u00e9 claro que existem alguns passos importantes a serem cumpridos. Pensando nisso, o Escrit\u00f3rio Prisma se coloca a sua disposi\u00e7\u00e3o para auxiliar nas etapas. O&nbsp;objetivo \u00e9 ajudar futuros empreendedores que ainda n\u00e3o sabem por onde come\u00e7ar e incentivar aqueles que est\u00e3o com receio.<\/p>\n\n\n\n<p class=\"has-black-color has-text-color\" style=\"font-size:22px\"><strong>Veja os passos b\u00e1sicos do processo:<\/strong><\/p>\n\n\n\n<div class=\"wp-block-image is-style-rounded\"><figure class=\"aligncenter size-full is-resized\"><img loading=\"lazy\" decoding=\"async\" src=\"https:\/\/www.escritorioprisma.com.br\/wp-content\/uploads\/2021\/08\/INFOGRAFICO.jpg\" alt=\"\" class=\"wp-image-196\" width=\"600\" height=\"675\" srcset=\"https:\/\/www.escritorioprisma.com.br\/wp-content\/uploads\/2021\/08\/INFOGRAFICO.jpg 800w, https:\/\/www.escritorioprisma.com.br\/wp-content\/uploads\/2021\/08\/INFOGRAFICO-267x300.jpg 267w, https:\/\/www.escritorioprisma.com.br\/wp-content\/uploads\/2021\/08\/INFOGRAFICO-768x864.jpg 768w\" sizes=\"(max-width: 600px) 100vw, 600px\" \/><\/figure><\/div>\n","protected":false},"excerpt":{"rendered":"<p class=\"qua-blog-post-description\">Muitas vezes, o empreendedor j\u00e1 est\u00e1 convicto em sua decis\u00e3o de montar seu pr\u00f3prio neg\u00f3cio, mas n\u00e3o sabe como dar o primeiro passo. N\u00e3o tem ideia de que etapas deve&nbsp;cumprir at\u00e9 que sua empresa esteja formalizada e ele possa ter seu CNPJ. \u00c9 a\u00ed que surge a necessidade de saber um&nbsp;passo a passo de como [&hellip;]<\/p>\n","protected":false},"author":1,"featured_media":0,"parent":0,"menu_order":0,"comment_status":"closed","ping_status":"closed","template":"","meta":{"footnotes":""},"_links":{"self":[{"href":"https:\/\/www.escritorioprisma.com.br\/index.php?rest_route=\/wp\/v2\/pages\/180"}],"collection":[{"href":"https:\/\/www.escritorioprisma.com.br\/index.php?rest_route=\/wp\/v2\/pages"}],"about":[{"href":"https:\/\/www.escritorioprisma.com.br\/index.php?rest_route=\/wp\/v2\/types\/page"}],"author":[{"embeddable":true,"href":"https:\/\/www.escritorioprisma.com.br\/index.php?rest_route=\/wp\/v2\/users\/1"}],"replies":[{"embeddable":true,"href":"https:\/\/www.escritorioprisma.com.br\/index.php?rest_route=%2Fwp%2Fv2%2Fcomments&post=180"}],"version-history":[{"count":7,"href":"https:\/\/www.escritorioprisma.com.br\/index.php?rest_route=\/wp\/v2\/pages\/180\/revisions"}],"predecessor-version":[{"id":200,"href":"https:\/\/www.escritorioprisma.com.br\/index.php?rest_route=\/wp\/v2\/pages\/180\/revisions\/200"}],"wp:attachment":[{"href":"https:\/\/www.escritorioprisma.com.br\/index.php?rest_route=%2Fwp%2Fv2%2Fmedia&parent=180"}],"curies":[{"name":"wp","href":"https:\/\/api.w.org\/{rel}","templated":true}]}}