{"id":175,"date":"2021-08-04T12:55:19","date_gmt":"2021-08-04T12:55:19","guid":{"rendered":"https:\/\/www.escritorioprisma.com.br\/?page_id=175"},"modified":"2021-08-16T14:58:36","modified_gmt":"2021-08-16T14:58:36","slug":"simples-nacional","status":"publish","type":"page","link":"https:\/\/www.escritorioprisma.com.br\/?page_id=175","title":{"rendered":"O que \u00e9 o Simples Nacional?"},"content":{"rendered":"\n<p>Todo empreendedor precisa escolher um regime tribut\u00e1rio na hora de\u00a0<a href=\"https:\/\/www.escritorioprisma.com.br\/?page_id=180\" target=\"_blank\" rel=\"noreferrer noopener\">abrir empresa<\/a>. Essa escolha vai refletir em diversas quest\u00f5es, como os\u00a0<strong>impostos que ser\u00e3o pagos<\/strong>, a forma de\u00a0<strong>c\u00e1lculo dos tributos<\/strong>\u00a0e at\u00e9 algumas\u00a0<strong>regras gerais<\/strong>, como limite de faturamento e porte da empresa.\u00a0<\/p>\n\n\n\n<p>No Brasil, existem tr\u00eas op\u00e7\u00f5es de regimes tribut\u00e1rios: o Simples Nacional, o Lucro Presumido e o Lucro Real, cada um com suas regras e particularidades, que falaremos melhor no decorrer do texto.&nbsp;<\/p>\n\n\n\n<p>Mas vamos come\u00e7ar pelo tema principal deste material, o Simples Nacional.<\/p>\n\n\n\n<p>O Simples Nacional \u00e9 um regime tribut\u00e1rio criado em 2006 pela Lei Complementar 123, voltado para as&nbsp;<strong>micro e pequenas empresas<\/strong>&nbsp;\u2014 incluindo os microempreendedores individuais (MEIs). Ele surgiu com o objetivo de reduzir a burocracia e os custos de pequenos empres\u00e1rios, criando um sistema unificado de recolhimento de tributos, simplificando declara\u00e7\u00f5es, entre outras facilidades.<\/p>\n\n\n\n<p>Empresas neste regime tribut\u00e1rio podem resolver a maior parte de suas rotinas atrav\u00e9s do\u00a0<a rel=\"noreferrer noopener\" href=\"https:\/\/www8.receita.fazenda.gov.br\/SimplesNacional\/\" target=\"_blank\">Portal do Simples Nacional<\/a>.<\/p>\n\n\n\n<h2 class=\"wp-block-heading\" id=\"beneficios-do-simples\">Benef\u00edcios do Simples<\/h2>\n\n\n\n<p><strong>\u2013 Pagamento de imposto Unificado<\/strong><\/p>\n\n\n\n<p><strong>\u2013 Tributa\u00e7\u00e3o<\/strong><\/p>\n\n\n\n<p><strong>\u2013 Facilidade de Regulariza\u00e7\u00e3o <\/strong><\/p>\n\n\n\n<p><strong>\u2013 Contabiliza\u00e7\u00e3o Simplificada<\/strong><\/p>\n\n\n\n<h2 class=\"wp-block-heading\" id=\"e-entao-sua-empresa-se-enquadra-no-simples-nacional-fale-com-a-contabilizei\">E ent\u00e3o? Sua empresa se enquadra no Simples Nacional? Fale com o Escrit\u00f3rio Prisma<\/h2>\n\n\n\n<p>Se inscrever no Simples Nacional pode ser uma excelente ideia para micro e pequenas empresas \u2014 \u00e9 poss\u00edvel pagar menos impostos, recolher os tributos em apenas uma \u00fanica guia, contar com benef\u00edcios extras e, desta forma, facilitar a gest\u00e3o do seu neg\u00f3cio.<\/p>\n\n\n\n<p>Claro, ainda existe uma s\u00e9rie de exig\u00eancias e obriga\u00e7\u00f5es fiscais a se cumprir, algumas at\u00e9 complicadas de se entender, como os anexos: mas \u00e9 a\u00ed que o seu contador deve atuar! Esse profissional vai te ajudar a cumprir tudo corretamente para que voc\u00ea n\u00e3o tenha mais preocupa\u00e7\u00f5es ao lidar com sua empresa.&nbsp;<\/p>\n\n\n\n<p>E por que n\u00e3o simplificar isso ainda mais ao escolher um servi\u00e7o de contabilidade? O Escrit\u00f3rio Prisma conta com uma equipe especializada para te ajudar a cumprir suas obriga\u00e7\u00f5es, pagar todos os impostos que se deve \u2014 e nenhum a mais! \u2014 tudo com um atendimento \u00e1gil, eficiente e que fala a sua l\u00edngua.\u00a0<\/p>\n\n\n\n<p>Facilite sua vida e\u00a0<a href=\"https:\/\/www.escritorioprisma.com.br\" target=\"_blank\" rel=\"noreferrer noopener\">conte com o Escrit\u00f3rio Prisma para modernizar a sua contabilidade<\/a>!<\/p>\n","protected":false},"excerpt":{"rendered":"<p class=\"qua-blog-post-description\">Todo empreendedor precisa escolher um regime tribut\u00e1rio na hora de\u00a0abrir empresa. Essa escolha vai refletir em diversas quest\u00f5es, como os\u00a0impostos que ser\u00e3o pagos, a forma de\u00a0c\u00e1lculo dos tributos\u00a0e at\u00e9 algumas\u00a0regras gerais, como limite de faturamento e porte da empresa.\u00a0 No Brasil, existem tr\u00eas op\u00e7\u00f5es de regimes tribut\u00e1rios: o Simples Nacional, o Lucro Presumido e o [&hellip;]<\/p>\n","protected":false},"author":1,"featured_media":0,"parent":0,"menu_order":0,"comment_status":"closed","ping_status":"closed","template":"","meta":{"footnotes":""},"_links":{"self":[{"href":"https:\/\/www.escritorioprisma.com.br\/index.php?rest_route=\/wp\/v2\/pages\/175"}],"collection":[{"href":"https:\/\/www.escritorioprisma.com.br\/index.php?rest_route=\/wp\/v2\/pages"}],"about":[{"href":"https:\/\/www.escritorioprisma.com.br\/index.php?rest_route=\/wp\/v2\/types\/page"}],"author":[{"embeddable":true,"href":"https:\/\/www.escritorioprisma.com.br\/index.php?rest_route=\/wp\/v2\/users\/1"}],"replies":[{"embeddable":true,"href":"https:\/\/www.escritorioprisma.com.br\/index.php?rest_route=%2Fwp%2Fv2%2Fcomments&post=175"}],"version-history":[{"count":5,"href":"https:\/\/www.escritorioprisma.com.br\/index.php?rest_route=\/wp\/v2\/pages\/175\/revisions"}],"predecessor-version":[{"id":232,"href":"https:\/\/www.escritorioprisma.com.br\/index.php?rest_route=\/wp\/v2\/pages\/175\/revisions\/232"}],"wp:attachment":[{"href":"https:\/\/www.escritorioprisma.com.br\/index.php?rest_route=%2Fwp%2Fv2%2Fmedia&parent=175"}],"curies":[{"name":"wp","href":"https:\/\/api.w.org\/{rel}","templated":true}]}}