{"id":171,"date":"2021-08-04T12:47:49","date_gmt":"2021-08-04T12:47:49","guid":{"rendered":"https:\/\/www.escritorioprisma.com.br\/?page_id=171"},"modified":"2021-08-16T14:38:42","modified_gmt":"2021-08-16T14:38:42","slug":"certificado-digital","status":"publish","type":"page","link":"https:\/\/www.escritorioprisma.com.br\/?page_id=171","title":{"rendered":"A emiss\u00e3o de certificados"},"content":{"rendered":"\n<p class=\"has-text-align-left\">Para emitir um certificado digital,\u00a0<strong>\u00e9 necess\u00e1rio ir pessoalmente  Agente de Registro<\/strong> que \u00e9 ligado diretamente \u00e0<strong> Autoridade Certificadora (AC)<\/strong>\u00a0para que os dados preenchidos online sejam validados. Esse procedimento dever\u00e1 ser agendado, sendo que a pr\u00f3pria AC passar\u00e1 instru\u00e7\u00f5es sobre a documenta\u00e7\u00e3o que dever\u00e1 ser apresentada.<\/p>\n\n\n\n<p>Depois de tudo conclu\u00eddo, o certificado digital dever\u00e1 ser baixado. A Autoridade Certificadora providenciar\u00e1 todo o suporte t\u00e9cnico e at\u00e9 as m\u00eddias criptogr\u00e1ficas quando elas forem necess\u00e1rias.<\/p>\n\n\n\n<p>O que acha do certificado digital? J\u00e1 est\u00e1 usando a certifica\u00e7\u00e3o digital em sua empresa? Para saber mais informa\u00e7\u00f5es sobre contabilidade moderna e certifica\u00e7\u00e3o, fa\u00e7a uma visita ao nosso Escrit\u00f3rio.<\/p>\n","protected":false},"excerpt":{"rendered":"<p class=\"qua-blog-post-description\">Para emitir um certificado digital,\u00a0\u00e9 necess\u00e1rio ir pessoalmente Agente de Registro que \u00e9 ligado diretamente \u00e0 Autoridade Certificadora (AC)\u00a0para que os dados preenchidos online sejam validados. Esse procedimento dever\u00e1 ser agendado, sendo que a pr\u00f3pria AC passar\u00e1 instru\u00e7\u00f5es sobre a documenta\u00e7\u00e3o que dever\u00e1 ser apresentada. Depois de tudo conclu\u00eddo, o certificado digital dever\u00e1 ser baixado. [&hellip;]<\/p>\n","protected":false},"author":1,"featured_media":0,"parent":0,"menu_order":0,"comment_status":"closed","ping_status":"closed","template":"","meta":{"footnotes":""},"_links":{"self":[{"href":"https:\/\/www.escritorioprisma.com.br\/index.php?rest_route=\/wp\/v2\/pages\/171"}],"collection":[{"href":"https:\/\/www.escritorioprisma.com.br\/index.php?rest_route=\/wp\/v2\/pages"}],"about":[{"href":"https:\/\/www.escritorioprisma.com.br\/index.php?rest_route=\/wp\/v2\/types\/page"}],"author":[{"embeddable":true,"href":"https:\/\/www.escritorioprisma.com.br\/index.php?rest_route=\/wp\/v2\/users\/1"}],"replies":[{"embeddable":true,"href":"https:\/\/www.escritorioprisma.com.br\/index.php?rest_route=%2Fwp%2Fv2%2Fcomments&post=171"}],"version-history":[{"count":2,"href":"https:\/\/www.escritorioprisma.com.br\/index.php?rest_route=\/wp\/v2\/pages\/171\/revisions"}],"predecessor-version":[{"id":226,"href":"https:\/\/www.escritorioprisma.com.br\/index.php?rest_route=\/wp\/v2\/pages\/171\/revisions\/226"}],"wp:attachment":[{"href":"https:\/\/www.escritorioprisma.com.br\/index.php?rest_route=%2Fwp%2Fv2%2Fmedia&parent=171"}],"curies":[{"name":"wp","href":"https:\/\/api.w.org\/{rel}","templated":true}]}}